{"id":615,"date":"2022-12-01T16:48:22","date_gmt":"2022-12-01T15:48:22","guid":{"rendered":"https:\/\/bei-ji.de\/?page_id=615"},"modified":"2022-12-01T17:12:32","modified_gmt":"2022-12-01T16:12:32","slug":"cookie-richtlinien","status":"publish","type":"page","link":"https:\/\/bei-ji.de\/en\/cookie-richtlinien\/","title":{"rendered":"Cookie policy"},"content":{"rendered":"<style type=\"text\/css\" data-created_by=\"avia_inline_auto\" id=\"style-css-av-o9rs-fc482304ee1b4d7e57b971608157aebf\">\n.flex_column.av-o9rs-fc482304ee1b4d7e57b971608157aebf{\nborder-radius:0px 0px 0px 0px;\npadding:0px 0px 0px 0px;\n}\n<\/style>\n<div  class='flex_column av-o9rs-fc482304ee1b4d7e57b971608157aebf av_one_full  avia-builder-el-0  avia-builder-el-no-sibling  first flex_column_div av-zero-column-padding'     ><p>\n<style type=\"text\/css\" data-created_by=\"avia_inline_auto\" id=\"style-css-av-8ehz4-1a8fe2eaec00fade506eb92aec5aa728\">\n#top .av-special-heading.av-8ehz4-1a8fe2eaec00fade506eb92aec5aa728{\npadding-bottom:10px;\n}\nbody .av-special-heading.av-8ehz4-1a8fe2eaec00fade506eb92aec5aa728 .av-special-heading-tag .heading-char{\nfont-size:25px;\n}\n.av-special-heading.av-8ehz4-1a8fe2eaec00fade506eb92aec5aa728 .av-subheading{\nfont-size:15px;\n}\n<\/style>\n<div  class='av-special-heading av-8ehz4-1a8fe2eaec00fade506eb92aec5aa728 av-special-heading-h3  avia-builder-el-1  el_before_av_textblock  avia-builder-el-first  av-linked-heading'><h3 class='av-special-heading-tag'  itemprop=\"headline\"  >Cookie policy<\/h3><div class=\"special-heading-border\"><div class=\"special-heading-inner-border\"><\/div><\/div><\/div><br \/>\n<section  class='av_textblock_section av-k2oogm5d-8a1e863481fdf361cf5d72f1bc34cf05'   itemscope=\"itemscope\" itemtype=\"https:\/\/schema.org\/CreativeWork\" ><div class='avia_textblock'  itemprop=\"text\" ><p>Diese Cookie-Richtlinie gilt f\u00fcr B\u00fcrger und Einwohner mit st\u00e4ndigem Wohnsitz im Europ\u00e4ischen Wirtschaftsraum.<\/p>\n<p>1. Einf\u00fchrung<br \/>\nUnsere Website https:\/\/bei-ji.de\/ (nachfolgend als \u201eWebsite\u201c bezeichnet) verwendet Cookies und \u00e4hnliche Technologien (der Einfachheit halber werden alle diese unter dem Begriff \u201eCookies\u201c zusammengefasst). Cookies werden au\u00dferdem von uns beauftragten Drittparteien platziert. In dem unten stehendem Dokument informieren wir Sie \u00fcber die Verwendung von Cookies auf unserer Website.<\/p>\n<p>2. Was sind Cookies?<br \/>\nEin Cookie ist eine kleine einfache Datei, die zusammen mit Seiten dieser Website gesendet und von Ihrem Browser auf der Festplatte Ihres Computers oder eines anderen Ger\u00e4ts gespeichert wird. Die darin gespeicherten Informationen k\u00f6nnen bei einem sp\u00e4teren Besuch an unsere Server oder an die Server der betreffenden Dritten zur\u00fcckgegeben werden.<\/p>\n<p>3. Was sind Skripte?<br \/>\nEin Skript ist ein Programmcode, mit dem unsere Website ordnungsgem\u00e4\u00df und interaktiv funktioniert. Dieser Code wird auf unserem Server oder auf Ihrem Ger\u00e4t ausgef\u00fchrt.<\/p>\n<p>4.1 Technische oder funktionale Cookies<\/p>\n<p>Einige Cookies stellen sicher, dass bestimmte Teile der Website ordnungsgem\u00e4\u00df funktionieren und Ihre Benutzereinstellungen weiterhin in Erinnerung bleiben. Durch das Setzen funktionaler Cookies erleichtern wir Ihnen den Besuch unserer Website. Auf diese Weise m\u00fcssen Sie beim Besuch unserer Website nicht wiederholt dieselben Informationen eingeben, so bleiben Artikel beispielsweise in Ihrem Warenkorb, bis Sie bezahlt haben. Wir k\u00f6nnen diese Cookies ohne Ihre Zustimmung platzieren.<\/p>\n<p>4.2 Analytische Cookies<\/p>\n<p>Wir verwenden Statistik-Cookies, um die Website-Erfahrung f\u00fcr unsere Benutzer zu optimieren. Mit diesen Statistik-Cookies erhalten wir Einblicke in die Nutzung unserer Website. Wir bitten Sie um Ihre Erlaubnis, analytische Cookies setzen zu d\u00fcrfen.<\/p>\n<p>4.3 Marketing- \/ Tracking-Cookies<\/p>\n<p>Marketing- \/ Tracking-Cookies sind Cookies oder eine andere Form der lokalen Speicherung, die zur Erstellung von Benutzerprofilen verwendet werden, um Werbung anzuzeigen oder den Benutzer auf dieser Website oder \u00fcber mehrere Websites hinweg f\u00fcr \u00e4hnliche Marketingzwecke zu verfolgen.<\/p>\n<p>5. Einsatz von Cookies<\/p>\n<p>Daneben nutzt unsere Internetseite Cookies. Das sind Textdateien, die auf Ihrer Festplatte dem von Ihnen verwendeten Browser zugeordnet gespeichert werden und uns, wenn Sie unsere Internetseite nutzen, bestimmte Informationen zukommen lassen. Wir setzen Cookies ein, die technisch notwendig sind, um unsere Internetseite nutzerfreundlicher zu gestalten. Einige Bereiche unserer Internetseite erfordern es, dass der aufrufende Browser auch nach einem Wechsel der Internetseite identifiziert werden kann. Diese Textdateien f\u00fchren keine Programme oder Installationen von solchen auf Ihrem Rechner aus. Wir verwenden dar\u00fcber hinaus Cookies, die eine Analyse des Surfverhaltens der Nutzer erm\u00f6glichen. Die so erhobenen Daten der Nutzer werden automatisch pseudonymisiert, so dass eine Zuordnung der Daten zum aufrufenden Nutzer nicht mehr m\u00f6glich ist. Die Daten werden nicht gemeinsam mit sonstigen personenbezogenen Daten der Nutzer gespeichert. Beim Aufruf unserer Internetseite wird der Nutzer \u00fcber die Verwendung von Cookies zu Analysezwecken informiert und seine Einwilligung zur Verarbeitung der in diesem Zusammenhang verwendeten personenbezogenen Daten eingeholt. Die Rechtsgrundlage f\u00fcr die Verarbeitung personenbezogener Daten unter Verwendung technisch notwendiger Cookies ist Art. 6 Abs. 1 lit. f DS-GVO und f\u00fcr die Nutzung von Cookies zu Analysezwecken bei Vorliegen einer diesbez\u00fcglichen Einwilligung Art. 6 Abs. 1 lit. a DS-GVO. Da die Cookies auf dem Rechner des Nutzers gespeichert werden, haben Sie als Nutzer auch die volle Kontrolle \u00fcber deren Verwendung. Durch eine \u00c4nderung der Einstellungen im Browser kann die \u00dcbertragung von Cookies deaktiviert, eingeschr\u00e4nkt und bereits gespeicherte Cookies jederzeit gel\u00f6scht werden. Dies kann jedoch dazu f\u00fchren, dass m\u00f6glicherweise nicht mehr alle Funktionen der Internetseite vollumf\u00e4nglich genutzt werden k\u00f6nnen. Daneben werden im Rahmen der Anmeldung auf unserer Internetseite zur Zugriffsteuerung und zur Verbesserung der Benutzerfreundlichkeit so genannte Sitzungs-Cookies eingesetzt. Dies umfasst das Einrichten einer \u201eSitzung\u201c zwischen dem Client und Server, welche Ihnen die Bewegung im gesamten Portal erm\u00f6glicht, ohne sich f\u00fcr jeden Bereich erneut anmelden zu m\u00fcssen. Dieses Cookie wird automatisch gel\u00f6scht, wenn Sie den Browser schlie\u00dfen. Die von uns genutzten Flash-Cookies werde nicht durch Ihren Browser, sondern durch Ihr Flash-Plugin erfasst. Auch nutzen wir HTML5 storage objects, die auf Ihrem Endger\u00e4t abgelegt werden. Diese speichern die erforderlichen Daten unabh\u00e4ngig von Ihrem verwendeten Browser und haben kein automatisches Ablaufdatum. Wenn Sie keine Verwendung der Flash-Cookies w\u00fcnschen, dann m\u00fcssen Sie ein entsprechendes Add-On installieren. Sie verhindern die Nutzung des HTML5 storage objects, indem Sie in Ihrem Browser den privaten Modus einsetzen. Zudem empfehlen wir Ihnen, Ihre Cookies und den Browser-Verlauf regelm\u00e4\u00dfig zu l\u00f6schen.<\/p>\n<\/div><\/section><\/p><\/div>","protected":false},"excerpt":{"rendered":"","protected":false},"author":1,"featured_media":0,"parent":0,"menu_order":0,"comment_status":"closed","ping_status":"closed","template":"","meta":{"footnotes":""},"class_list":["post-615","page","type-page","status-publish","hentry"],"yoast_head":"<!-- This site is optimized with the Yoast SEO plugin v27.5 - https:\/\/yoast.com\/product\/yoast-seo-wordpress\/ -->\n<title>Cookie-Richtlinien - Restaurant bei Ji<\/title>\n<meta name=\"robots\" content=\"index, follow, max-snippet:-1, max-image-preview:large, max-video-preview:-1\" \/>\n<link rel=\"canonical\" href=\"https:\/\/bei-ji.de\/en\/cookie-richtlinien\/\" \/>\n<meta property=\"og:locale\" content=\"en_GB\" \/>\n<meta property=\"og:type\" content=\"article\" \/>\n<meta property=\"og:title\" content=\"Cookie-Richtlinien - Restaurant bei Ji\" \/>\n<meta property=\"og:url\" content=\"https:\/\/bei-ji.de\/en\/cookie-richtlinien\/\" \/>\n<meta property=\"og:site_name\" content=\"Restaurant bei Ji\" \/>\n<meta property=\"article:modified_time\" content=\"2022-12-01T16:12:32+00:00\" \/>\n<meta name=\"twitter:card\" content=\"summary_large_image\" \/>\n<meta name=\"twitter:label1\" content=\"Estimated reading time\" \/>\n\t<meta name=\"twitter:data1\" content=\"5 minutes\" \/>\n<script type=\"application\/ld+json\" class=\"yoast-schema-graph\">{\"@context\":\"https:\\\/\\\/schema.org\",\"@graph\":[{\"@type\":\"WebPage\",\"@id\":\"https:\\\/\\\/bei-ji.de\\\/cookie-richtlinien\\\/\",\"url\":\"https:\\\/\\\/bei-ji.de\\\/cookie-richtlinien\\\/\",\"name\":\"Cookie-Richtlinien - Restaurant bei Ji\",\"isPartOf\":{\"@id\":\"https:\\\/\\\/bei-ji.de\\\/#website\"},\"datePublished\":\"2022-12-01T15:48:22+00:00\",\"dateModified\":\"2022-12-01T16:12:32+00:00\",\"breadcrumb\":{\"@id\":\"https:\\\/\\\/bei-ji.de\\\/cookie-richtlinien\\\/#breadcrumb\"},\"inLanguage\":\"en-GB\",\"potentialAction\":[{\"@type\":\"ReadAction\",\"target\":[\"https:\\\/\\\/bei-ji.de\\\/cookie-richtlinien\\\/\"]}]},{\"@type\":\"BreadcrumbList\",\"@id\":\"https:\\\/\\\/bei-ji.de\\\/cookie-richtlinien\\\/#breadcrumb\",\"itemListElement\":[{\"@type\":\"ListItem\",\"position\":1,\"name\":\"Startseite\",\"item\":\"https:\\\/\\\/bei-ji.de\\\/\"},{\"@type\":\"ListItem\",\"position\":2,\"name\":\"Cookie-Richtlinien\"}]},{\"@type\":\"WebSite\",\"@id\":\"https:\\\/\\\/bei-ji.de\\\/#website\",\"url\":\"https:\\\/\\\/bei-ji.de\\\/\",\"name\":\"Restaurant bei Ji\",\"description\":\"Cafe &amp; Bar in Velbert\",\"potentialAction\":[{\"@type\":\"SearchAction\",\"target\":{\"@type\":\"EntryPoint\",\"urlTemplate\":\"https:\\\/\\\/bei-ji.de\\\/?s={search_term_string}\"},\"query-input\":{\"@type\":\"PropertyValueSpecification\",\"valueRequired\":true,\"valueName\":\"search_term_string\"}}],\"inLanguage\":\"en-GB\"}]}<\/script>\n<!-- \/ Yoast SEO plugin. -->","yoast_head_json":{"title":"Cookie-Richtlinien - Restaurant bei Ji","robots":{"index":"index","follow":"follow","max-snippet":"max-snippet:-1","max-image-preview":"max-image-preview:large","max-video-preview":"max-video-preview:-1"},"canonical":"https:\/\/bei-ji.de\/en\/cookie-richtlinien\/","og_locale":"en_GB","og_type":"article","og_title":"Cookie-Richtlinien - Restaurant bei Ji","og_url":"https:\/\/bei-ji.de\/en\/cookie-richtlinien\/","og_site_name":"Restaurant bei Ji","article_modified_time":"2022-12-01T16:12:32+00:00","twitter_card":"summary_large_image","twitter_misc":{"Estimated reading time":"5 minutes"},"schema":{"@context":"https:\/\/schema.org","@graph":[{"@type":"WebPage","@id":"https:\/\/bei-ji.de\/cookie-richtlinien\/","url":"https:\/\/bei-ji.de\/cookie-richtlinien\/","name":"Cookie-Richtlinien - Restaurant bei Ji","isPartOf":{"@id":"https:\/\/bei-ji.de\/#website"},"datePublished":"2022-12-01T15:48:22+00:00","dateModified":"2022-12-01T16:12:32+00:00","breadcrumb":{"@id":"https:\/\/bei-ji.de\/cookie-richtlinien\/#breadcrumb"},"inLanguage":"en-GB","potentialAction":[{"@type":"ReadAction","target":["https:\/\/bei-ji.de\/cookie-richtlinien\/"]}]},{"@type":"BreadcrumbList","@id":"https:\/\/bei-ji.de\/cookie-richtlinien\/#breadcrumb","itemListElement":[{"@type":"ListItem","position":1,"name":"Startseite","item":"https:\/\/bei-ji.de\/"},{"@type":"ListItem","position":2,"name":"Cookie-Richtlinien"}]},{"@type":"WebSite","@id":"https:\/\/bei-ji.de\/#website","url":"https:\/\/bei-ji.de\/","name":"Restaurant bei Ji","description":"Cafe &amp; Bar in Velbert","potentialAction":[{"@type":"SearchAction","target":{"@type":"EntryPoint","urlTemplate":"https:\/\/bei-ji.de\/?s={search_term_string}"},"query-input":{"@type":"PropertyValueSpecification","valueRequired":true,"valueName":"search_term_string"}}],"inLanguage":"en-GB"}]}},"_links":{"self":[{"href":"https:\/\/bei-ji.de\/en\/wp-json\/wp\/v2\/pages\/615","targetHints":{"allow":["GET"]}}],"collection":[{"href":"https:\/\/bei-ji.de\/en\/wp-json\/wp\/v2\/pages"}],"about":[{"href":"https:\/\/bei-ji.de\/en\/wp-json\/wp\/v2\/types\/page"}],"author":[{"embeddable":true,"href":"https:\/\/bei-ji.de\/en\/wp-json\/wp\/v2\/users\/1"}],"replies":[{"embeddable":true,"href":"https:\/\/bei-ji.de\/en\/wp-json\/wp\/v2\/comments?post=615"}],"version-history":[{"count":2,"href":"https:\/\/bei-ji.de\/en\/wp-json\/wp\/v2\/pages\/615\/revisions"}],"predecessor-version":[{"id":617,"href":"https:\/\/bei-ji.de\/en\/wp-json\/wp\/v2\/pages\/615\/revisions\/617"}],"wp:attachment":[{"href":"https:\/\/bei-ji.de\/en\/wp-json\/wp\/v2\/media?parent=615"}],"curies":[{"name":"wp","href":"https:\/\/api.w.org\/{rel}","templated":true}]}}